
{"id":450,"date":"2017-08-20T23:38:45","date_gmt":"2017-08-20T23:38:45","guid":{"rendered":"http:\/\/vicomfestsaal.de\/?page_id=450"},"modified":"2017-08-20T23:38:45","modified_gmt":"2017-08-20T23:38:45","slug":"agb","status":"publish","type":"page","link":"https:\/\/vicomfestsaal.de\/?page_id=450","title":{"rendered":"AGB"},"content":{"rendered":"<p>Allgemeine Gesch\u00e4ftsbedingungen<br \/>\nAllgemeine Gesch\u00e4ftsbedingungen Vertrag<br \/>\nDer Veranstaltungsvertrag kommt grunds\u00e4tzlich durch Schriftform zustande. Er gilt auch als abgeschlossen, sobald die bestellten Leistungen zugesagt oder, falls eine schriftliche Zusage aus Zeitgr\u00fcnden nicht mehr m\u00f6glich war, bereitgestellt worden sind.<\/p>\n<p>Geltungsbereich<br \/>\nDie allgemeinen Gesch\u00e4ftsbedingungen beruhen auf dem BGB beginnend mit \u00a7578, sofern die Vertragsparteien sie ausdr\u00fccklich oder stillschweigend anerkannt haben. \u00c4nderungen und Nebenabreden sind nur wirksam, wenn sie von beiden Vertragsparteien schriftlich vereinbart worden sind.<\/p>\n<p>Annulation<br \/>\nAnnullierungen sind schriftlich mitzuteilen. Es werden folgende Annulierungskosten in Rechnung gestellt:<\/p>\n<p>Bei Annullierungen<br \/>\n8 Wochen vor der Veranstaltung: 70% des Raumpreises<\/p>\n<p>1 Tag vor der Veranstaltung: 100% der vereinbarten Leistung.<\/p>\n<p>Hausordnung<br \/>\nDer Mieter ist verantwortlich daf\u00fcr, dass die R\u00e4ume und Anlagen mit der gebotenen Sorgfalt benutzt werden. Insbesondere sind sie verpflichtet, f\u00fcr die Einhaltung der nachfolgenden Benutzungsvorschriften zu sorgen und die weiteren Beteiligten in geeigneter Form hinzuweisen.<\/p>\n<p>In allen R\u00e4umen ist das Rauchen zu unterlassen.<\/p>\n<p>Die R\u00e4ume sind in tadellosem Zustand zu verlassen.<\/p>\n<p>Feuerwerksk\u00f6rper, sowie andere pyrotechnische Gegenst\u00e4nde d\u00fcrfen in den R\u00e4umen und dem dazugeh\u00f6rigen Parkplatz nicht angebrannt werden.<\/p>\n<p>Der Mieter darf eigene Einrichtungsgegenst\u00e4nde, Ger\u00e4te etc. Nur mit vorheriger Zustimmung des Vermieters in die R\u00e4ume einbringen.<\/p>\n<p>Der Veranstalter verpflichtet sich bei \u00f6ffentlichen Veranstaltungen f\u00fcr die GEMA \u2013 geb\u00fchren aufzukommen. Sollten Genehmigungen notwendig sein so sind sie vom Mieter einzuholen.<\/p>\n<p>Vor den Eing\u00e4ngen des Mietobjektes und den dazugeh\u00f6rigen Parkpl\u00e4tzen ist das Spielen von Instrumenten und jeglicher L\u00e4rm f\u00fcr den Mieter untersagt.<\/p>\n<p>Die zul\u00e4ssigen Immissionsschutzwerte der Nachbarschaft und die bestehende st\u00e4dtische Polizeiverordnung zum Schutz vor L\u00e4rmbel\u00e4stigung sind einzuhalten. Bei \u00dcberschreitung des L\u00e4rmpegel beh\u00e4lt sich der Vermieter das Recht zur Unterbrechung der Veranstaltung vor.<\/p>\n<p>Sollte der Vermieter wegen \u00dcberschreitung der L\u00e4rmgrenze oder wegen anderer von der Veranstaltung des Mieters ausgehenden Einwirkung auf Nachbargrundst\u00fccke von Nachbarn oder Beh\u00f6rden in Anspruch genommen werden, ist der Mieter zu Freistellung des Vermieters verpflichtet.<\/p>\n<p>Freistellung in diesem Sinne bedeutet, dass der Mieter insbesondere alle Bu\u00dfgelder oder sonstige Strafen der \u00f6ffentlichen Verwaltung, Rechtswahrung und Verteidigungskosten sowie Entsch\u00e4digungsleistungen an beeintr\u00e4chtige Nachbarn in vollem Umfang auf erste Aufforderung des Vermieters hin \u00fcbernimmt.<\/p>\n<p>Hat die Vermieterin begr\u00fcndet Anlass zu der Annahme, dass die Veranstaltung den reibungslosen Gesch\u00e4ftsbetrieb, die Sicherheit oder den Ruf des Hauses zu gef\u00e4hrden droht sowie im Falle h\u00f6herer Gewalt kann sie die Veranstaltung absagen bzw. Abbrechen.<\/p>\n<p>Haftung<br \/>\nHaftung des Mieters<br \/>\nDer Mieter verpflichtet sich, alle ihm zu Verf\u00fcgung stehenden Ger\u00e4te, Maschinen und anderes Inventar, die durch den Vermieter bereitgestellt werden, sorgf\u00e4ltig zu behandeln und im Ursprungszustand an den Vermieter zur\u00fcck zu geben. Selbiges gilt f\u00fcr den Au\u00dfenbereich und den Parkplatz. Der Mieter haftet uneingeschr\u00e4nkt f\u00fcr Sach- und Personensch\u00e4den einschlie\u00dflich etwaiger Folgesch\u00e4den, die w\u00e4hrend der Vorbereitung, der Durchf\u00fchrung und Abwicklung der Veranstaltung durch ihn, seine Erf\u00fcllungsgehilfen, Besucher und Dritte verursacht werden. Verursachte Sch\u00e4den sind der Vermieterin unverz\u00fcglich mitzuteilen. Der Mieter verf\u00fcgt \u00fcber eine entsprechende Haftpflichtversicherung. Wird durch Sch\u00e4den und deren Beseitigung die weitere Raumnutzung behindert, haftet der Mieter f\u00fcr den entstehenden Mietausfall. Der Mieter stellt die Vermieterin von allen Schadensersatzanspr\u00fcchen Dritter, die im Zusammenhang mit der Veranstaltung gegen sie geltend gemacht werden frei.<\/p>\n<p>Haftung des Vermieters<br \/>\nDer Vermieter lehnt jede Haftung ab. Das Benutzen der Anlagen erfolgt auf eigene Gefahr. Der Mieter erkennt das Mietobjekt als vertragsgem\u00e4\u00df an. Sp\u00e4tere Anspr\u00fcche (nach \u00dcberlassung des Mietobjekts) des Mieters auf M\u00e4ngelbeseitigung (\u00a7535 Abs.1S2 BGB), Mietminderung (\u00a7536 BGB), sowie Aufwands- und Schadenersatz (\u00a7536a), sowie Haftung f\u00fcr daraus resultierende Folgesch\u00e4den werden daher ausgeschlossen, es sei denn, der Vermieter hat das Vorhandensein von M\u00e4ngeln arglistig verschwiegen. Soweit bis zum Beginn der Veranstaltung keine Beanstandungen erhoben worden sind gelten Mietr\u00e4ume, Einrichtungen und Inventar als vom Mieter in ordnungsgem\u00e4\u00dfem Zustand \u00fcbernommen. F\u00fcr mitgebrachte Gegenst\u00e4nde jeglicher Art(Inventar, Instrumente, Garderobe u.s.w.) und sich aus deren Benutzung infolge von M\u00e4ngeln ergebende Folgen \u00fcbernimmt der Vermieter keine Haftung. Der Vermieter kann insbesondere f\u00fcr Diebstahl und Verlust von Gegenst\u00e4nden nicht haftbar gemacht werden.<\/p>\n<p>Schlussbestimmungen<br \/>\nWenn eine Bestimmung dieser Allgemeinen Gesch\u00e4ftsbedingungen unwirksam sein sollte, wird dadurch die Geltung der Allgemeinen Gesch\u00e4ftsbedingungen im \u00dcbrigen nicht ber\u00fchrt. Es ist eine der unwirksamen Bestimmung dem Sinne und der wirtschaftlicher Bedeutung nach m\u00f6glichst nahe kommende andere Bestimmung zwischen den Vertragsparteien zu vereinbaren.<\/p>\n","protected":false},"excerpt":{"rendered":"<p>Allgemeine Gesch\u00e4ftsbedingungen Allgemeine Gesch\u00e4ftsbedingungen Vertrag Der Veranstaltungsvertrag kommt grunds\u00e4tzlich durch Schriftform zustande. Er gilt auch als abgeschlossen, sobald die bestellten Leistungen zugesagt oder, falls eine schriftliche Zusage aus Zeitgr\u00fcnden nicht mehr m\u00f6glich war, bereitgestellt worden sind. Geltungsbereich Die allgemeinen Gesch\u00e4ftsbedingungen beruhen auf dem BGB beginnend mit \u00a7578, sofern die Vertragsparteien sie ausdr\u00fccklich oder stillschweigend anerkannt<a class=\"read-more\" href=\"https:\/\/vicomfestsaal.de\/?page_id=450\">Continue reading <i class=\"fa fa-angle-right fa-lg\"><\/i><\/a><\/p>\n","protected":false},"author":2,"featured_media":0,"parent":0,"menu_order":0,"comment_status":"closed","ping_status":"closed","template":"","meta":[],"_links":{"self":[{"href":"https:\/\/vicomfestsaal.de\/index.php?rest_route=\/wp\/v2\/pages\/450"}],"collection":[{"href":"https:\/\/vicomfestsaal.de\/index.php?rest_route=\/wp\/v2\/pages"}],"about":[{"href":"https:\/\/vicomfestsaal.de\/index.php?rest_route=\/wp\/v2\/types\/page"}],"author":[{"embeddable":true,"href":"https:\/\/vicomfestsaal.de\/index.php?rest_route=\/wp\/v2\/users\/2"}],"replies":[{"embeddable":true,"href":"https:\/\/vicomfestsaal.de\/index.php?rest_route=%2Fwp%2Fv2%2Fcomments&post=450"}],"version-history":[{"count":1,"href":"https:\/\/vicomfestsaal.de\/index.php?rest_route=\/wp\/v2\/pages\/450\/revisions"}],"predecessor-version":[{"id":451,"href":"https:\/\/vicomfestsaal.de\/index.php?rest_route=\/wp\/v2\/pages\/450\/revisions\/451"}],"wp:attachment":[{"href":"https:\/\/vicomfestsaal.de\/index.php?rest_route=%2Fwp%2Fv2%2Fmedia&parent=450"}],"curies":[{"name":"wp","href":"https:\/\/api.w.org\/{rel}","templated":true}]}}