
{"id":272,"date":"2017-01-20T10:02:44","date_gmt":"2017-01-20T10:02:44","guid":{"rendered":"http:\/\/vicomfestsaal.de\/?page_id=272"},"modified":"2018-06-03T12:57:25","modified_gmt":"2018-06-03T12:57:25","slug":"grand-gala","status":"publish","type":"page","link":"https:\/\/vicomfestsaal.de\/?page_id=272","title":{"rendered":"Pera Event"},"content":{"rendered":"<p>[vc_row full_width=&#8220;stretch_row&#8220; full_height=&#8220;half_row_height&#8220; parallax=&#8220;yes&#8220; overlay_color=&#8220;rgba(0,0,0,0.4)&#8220; limit_row_width=&#8220;enable&#8220; full_height_row=&#8220;&#8220; css=&#8220;.vc_custom_1484908808954{background-image: url(http:\/\/vicomfestsaal.de\/wp-content\/uploads\/2017\/01\/PIXGO.DE-9.jpg?id=358) !important;}&#8220;][vc_column][\/vc_column][\/vc_row][vc_row full_width=&#8220;stretch_row&#8220; css=&#8220;.vc_custom_1468830303202{padding-top: 120px !important;padding-bottom: 120px !important;}&#8220; anchor_link=&#8220;services&#8220;][vc_column][vc_column_text]<\/p>\n<h2 style=\"text-align: center;\">EINEN UNVERGESSLICHEN ABEND VERBRINGEN..<\/h2>\n<p>[\/vc_column_text][vc_row_inner][vc_column_inner width=&#8220;1\/3&#8243;][\/vc_column_inner][vc_column_inner width=&#8220;1\/3&#8243;][vc_separator color=&#8220;link_color&#8220; border_width=&#8220;4&#8243; el_width=&#8220;20&#8243; css=&#8220;.vc_custom_1471278253281{margin-top: 5px !important;}&#8220;][\/vc_column_inner][vc_column_inner width=&#8220;1\/3&#8243;][\/vc_column_inner][\/vc_row_inner][vc_row_inner css=&#8220;.vc_custom_1467381068708{padding-top: 0px !important;}&#8220;][vc_column_inner width=&#8220;5\/6&#8243; offset=&#8220;vc_col-lg-offset-1 vc_col-md-offset-1 vc_col-sm-offset-1&#8243;][vc_column_text]<\/p>\n<p style=\"text-align: center;\">Der\u00a0 Fests\u00e4le sind Ihre Standorte f\u00fcr die Reibungslose Durchf\u00fchrung Ihres unvergesslichen\u00a0Events von bis zu 1000 Personen. Ob es eine Hochzeit, Verlobung, Geburtstag oder eine Tagung ist, wir sind in jedem Belangen f\u00fcr Sie stets da. Wir bieten in unseren R\u00e4umlichkeiten Ihnen einen extravaganten Service.<\/p>\n<p>[\/vc_column_text][\/vc_column_inner][\/vc_row_inner][vc_empty_space height=&#8220;30px&#8220;][\/vc_column][\/vc_row][vc_row full_width=&#8220;stretch_row&#8220; limit_row_width=&#8220;&#8220; full_height_row=&#8220;&#8220; css=&#8220;.vc_custom_1472893368768{padding-top: 120px !important;padding-bottom: 120px !important;background-color: #f7f7f7 !important;}&#8220; anchor_link=&#8220;team&#8220;][vc_column][postgallery_grid data_source=&#8220;data-9&#8243; images_attach=&#8220;361,360,358,357,367,348,345&#8243; null=&#8220;&#8220;][vc_row_inner][vc_column_inner width=&#8220;1\/3&#8243;][\/vc_column_inner][vc_column_inner width=&#8220;1\/3&#8243;][vc_separator color=&#8220;link_color&#8220; border_width=&#8220;4&#8243; el_width=&#8220;20&#8243;][\/vc_column_inner][vc_column_inner width=&#8220;1\/3&#8243;][\/vc_column_inner][\/vc_row_inner][vc_row_inner css=&#8220;.vc_custom_1467381068708{padding-top: 0px !important;}&#8220;][vc_column_inner width=&#8220;5\/6&#8243; offset=&#8220;vc_col-lg-offset-1 vc_col-md-offset-1 vc_col-sm-offset-1&#8243;][\/vc_column_inner][\/vc_row_inner][\/vc_column][\/vc_row]<\/p>\n","protected":false},"excerpt":{"rendered":"<p>[vc_row full_width=&#8220;stretch_row&#8220; full_height=&#8220;half_row_height&#8220; parallax=&#8220;yes&#8220; overlay_color=&#8220;rgba(0,0,0,0.4)&#8220; limit_row_width=&#8220;enable&#8220; full_height_row=&#8220;&#8220; css=&#8220;.vc_custom_1484908808954{background-image: url(http:\/\/vicomfestsaal.de\/wp-content\/uploads\/2017\/01\/PIXGO.DE-9.jpg?id=358) !important;}&#8220;][vc_column][\/vc_column][\/vc_row][vc_row full_width=&#8220;stretch_row&#8220; css=&#8220;.vc_custom_1468830303202{padding-top: 120px !important;padding-bottom: 120px !important;}&#8220; anchor_link=&#8220;services&#8220;][vc_column][vc_column_text] EINEN UNVERGESSLICHEN ABEND VERBRINGEN.. [\/vc_column_text][vc_row_inner][vc_column_inner width=&#8220;1\/3&#8243;][\/vc_column_inner][vc_column_inner width=&#8220;1\/3&#8243;][vc_separator color=&#8220;link_color&#8220; border_width=&#8220;4&#8243; el_width=&#8220;20&#8243; css=&#8220;.vc_custom_1471278253281{margin-top: 5px !important;}&#8220;][\/vc_column_inner][vc_column_inner width=&#8220;1\/3&#8243;][\/vc_column_inner][\/vc_row_inner][vc_row_inner css=&#8220;.vc_custom_1467381068708{padding-top: 0px !important;}&#8220;][vc_column_inner width=&#8220;5\/6&#8243; offset=&#8220;vc_col-lg-offset-1 vc_col-md-offset-1 vc_col-sm-offset-1&#8243;][vc_column_text] Der\u00a0 Fests\u00e4le sind Ihre Standorte f\u00fcr die Reibungslose Durchf\u00fchrung Ihres unvergesslichen\u00a0Events von bis zu 1000 Personen. Ob<a class=\"read-more\" href=\"https:\/\/vicomfestsaal.de\/?page_id=272\">Continue reading <i class=\"fa fa-angle-right fa-lg\"><\/i><\/a><\/p>\n","protected":false},"author":2,"featured_media":0,"parent":0,"menu_order":0,"comment_status":"closed","ping_status":"closed","template":"","meta":[],"_links":{"self":[{"href":"https:\/\/vicomfestsaal.de\/index.php?rest_route=\/wp\/v2\/pages\/272"}],"collection":[{"href":"https:\/\/vicomfestsaal.de\/index.php?rest_route=\/wp\/v2\/pages"}],"about":[{"href":"https:\/\/vicomfestsaal.de\/index.php?rest_route=\/wp\/v2\/types\/page"}],"author":[{"embeddable":true,"href":"https:\/\/vicomfestsaal.de\/index.php?rest_route=\/wp\/v2\/users\/2"}],"replies":[{"embeddable":true,"href":"https:\/\/vicomfestsaal.de\/index.php?rest_route=%2Fwp%2Fv2%2Fcomments&post=272"}],"version-history":[{"count":8,"href":"https:\/\/vicomfestsaal.de\/index.php?rest_route=\/wp\/v2\/pages\/272\/revisions"}],"predecessor-version":[{"id":506,"href":"https:\/\/vicomfestsaal.de\/index.php?rest_route=\/wp\/v2\/pages\/272\/revisions\/506"}],"wp:attachment":[{"href":"https:\/\/vicomfestsaal.de\/index.php?rest_route=%2Fwp%2Fv2%2Fmedia&parent=272"}],"curies":[{"name":"wp","href":"https:\/\/api.w.org\/{rel}","templated":true}]}}