
{"id":13,"date":"2016-07-25T07:50:45","date_gmt":"2016-07-25T07:50:45","guid":{"rendered":"http:\/\/demo.acoda.com\/demo-8\/?page_id=13"},"modified":"2017-08-20T23:19:30","modified_gmt":"2017-08-20T23:19:30","slug":"about-us","status":"publish","type":"page","link":"https:\/\/vicomfestsaal.de\/?page_id=13","title":{"rendered":"\u00dcber Uns"},"content":{"rendered":"<p>[vc_row full_width=&#8220;stretch_row&#8220; full_height=&#8220;half_row_height&#8220; parallax=&#8220;yes&#8220; overlay_color=&#8220;rgba(0,0,0,0.4)&#8220; limit_row_width=&#8220;enable&#8220; full_height_row=&#8220;&#8220; css=&#8220;.vc_custom_1484919332399{background-image: url(http:\/\/vicomfestsaal.de\/wp-content\/uploads\/2016\/07\/aboutus2.jpg?id=402) !important;}&#8220;][vc_column][\/vc_column][\/vc_row][vc_row full_width=&#8220;stretch_row&#8220; css=&#8220;.vc_custom_1467398018107{padding-top: 120px !important;padding-bottom: 120px !important;}&#8220;][vc_column][vc_column_text]<\/p>\n<h2 style=\"text-align: center;\">Lernen Sie uns kennen<\/h2>\n<p>[\/vc_column_text][vc_row_inner][vc_column_inner width=&#8220;1\/3&#8243;][\/vc_column_inner][vc_column_inner width=&#8220;1\/3&#8243;][vc_separator color=&#8220;link_color&#8220; border_width=&#8220;4&#8243; el_width=&#8220;20&#8243; css=&#8220;.vc_custom_1472817381886{margin-bottom: 5px !important;}&#8220;][\/vc_column_inner][vc_column_inner width=&#8220;1\/3&#8243;][\/vc_column_inner][\/vc_row_inner][vc_row_inner css=&#8220;.vc_custom_1467381068708{padding-top: 0px !important;}&#8220;][vc_column_inner width=&#8220;5\/6&#8243; offset=&#8220;vc_col-lg-offset-1 vc_col-md-offset-1 vc_col-sm-offset-1&#8243;][vc_column_text]<\/p>\n<div class=\"wpb_text_column wpb_content_element \">\n<div class=\"wpb_wrapper\">\n<p style=\"text-align: center;\">Wir als Vicom Festsaal bieten Ihnen f\u00fcr alle Ihre Festlichkeiten eine angemessene Atmosph\u00e4re in unseren R\u00e4umlichkeiten. Mit langj\u00e4hriger Erfahrung und konsequenter Weiterentwicklung unserer Fests\u00e4le haben wir uns in Berlin etabliert. Ob kleine Festlichkeiten oder Gro\u00dfe Feiern, Familienfest oder Firmenfeier, f\u00fcr alle F\u00e4lle haben wir insgesamt sechs S\u00e4le in Berlin von denen Sie sich das Passende mit unseren Verkaufspersonal heraussuchen k\u00f6nnen.<\/p>\n<div class=\"wpb_text_column wpb_content_element \">\n<div class=\"wpb_wrapper\">\n<div class=\"wpb_column vc_column_container vc_col-sm-12\">\n<div class=\"vc_column-inner \">\n<div class=\"wpb_wrapper\">\n<div class=\"wpb_text_column wpb_content_element \">\n<div class=\"wpb_wrapper\">\n<p style=\"text-align: center;\">Seit Gr\u00fcndung unseres Unternehmen haben wir unser Spekturn kontinuirlich erweitert und k\u00f6nnen Ihnen heute viele Dienstleistungen anbieten um Ihre\u00a0Veranstaltung zu einem einzigartigem Erlebnis zu machen.<\/p>\n<p style=\"text-align: center;\">Zu jeder Feier geh\u00f6rt das Catering, die Limosiene, die Torte und noch sehr viele andere kleinigkeiten. Wir k\u00fcmmern uns um jedes Detail und passen uns Ihren W\u00fcnschen in gegebenem Rahmen v\u00f6llig an. Auch wenn es mal mehr G\u00e4ste werden wie erwartet k\u00f6nnen Sie sich auf uns verlassen.<\/p>\n<p style=\"text-align: center;\">Lassen Sie sich von unserem Limousinen Service und dem Catering mit einer gro\u00dfen auswahl an Men\u00fcs \u00fcberzeugen und genie\u00dfen Sie ihre Feier, denn genau daf\u00fcr sind wir f\u00fcr Sie da.<\/p>\n<p style=\"text-align: center;\">Schauen Sie sich auf unserer Webseite um und z\u00f6gern Sie nicht uns per Kontaktformular oder Telefonisch zu kontaktiren.<\/p>\n<\/div>\n<\/div>\n<\/div>\n<\/div>\n<\/div>\n<\/div>\n<\/div>\n<\/div>\n<\/div>\n<p>[\/vc_column_text][\/vc_column_inner][\/vc_row_inner][\/vc_column][\/vc_row][vc_row full_width=&#8220;stretch_row&#8220; css=&#8220;.vc_custom_1472834512129{padding-top: 120px !important;padding-bottom: 120px !important;background-color: #f7f7f7 !important;}&#8220;][vc_column width=&#8220;5\/6&#8243; offset=&#8220;vc_col-lg-offset-1 vc_col-md-offset-1 vc_col-sm-offset-1&#8243;][vc_column_text]<\/p>\n<h2 style=\"text-align: center;\">HABEN SIE Noch Fragen?<\/h2>\n<p>[\/vc_column_text][vc_row_inner][vc_column_inner width=&#8220;1\/3&#8243;][\/vc_column_inner][vc_column_inner width=&#8220;1\/3&#8243;][vc_separator color=&#8220;link_color&#8220; border_width=&#8220;4&#8243; el_width=&#8220;20&#8243; css=&#8220;.vc_custom_1472817712501{margin-top: 5px !important;}&#8220;][\/vc_column_inner][vc_column_inner width=&#8220;1\/3&#8243;][\/vc_column_inner][\/vc_row_inner][vc_column_text]<\/p>\n<p style=\"text-align: center;\">Z\u00f6gern Sie nicht uns bei Fragen zu kontaktieren!<\/p>\n<p>[\/vc_column_text][vc_row_inner][vc_column_inner width=&#8220;1\/3&#8243; offset=&#8220;vc_col-lg-offset-4 vc_col-md-offset-4 vc_col-sm-offset-4&#8243;][vc_btn title=&#8220;Kontaktieren Sie uns!&#8220; style=&#8220;flat&#8220; shape=&#8220;square&#8220; align=&#8220;center&#8220; button_block=&#8220;true&#8220; link=&#8220;url:http%3A%2F%2Fvic.letterking.de%2F%3Fpage_id%3D17|||&#8220;][\/vc_column_inner][\/vc_row_inner][\/vc_column][\/vc_row]<\/p>\n","protected":false},"excerpt":{"rendered":"<p>[vc_row full_width=&#8220;stretch_row&#8220; full_height=&#8220;half_row_height&#8220; parallax=&#8220;yes&#8220; overlay_color=&#8220;rgba(0,0,0,0.4)&#8220; limit_row_width=&#8220;enable&#8220; full_height_row=&#8220;&#8220; css=&#8220;.vc_custom_1484919332399{background-image: url(http:\/\/vicomfestsaal.de\/wp-content\/uploads\/2016\/07\/aboutus2.jpg?id=402) !important;}&#8220;][vc_column][\/vc_column][\/vc_row][vc_row full_width=&#8220;stretch_row&#8220; css=&#8220;.vc_custom_1467398018107{padding-top: 120px !important;padding-bottom: 120px !important;}&#8220;][vc_column][vc_column_text] Lernen Sie uns kennen [\/vc_column_text][vc_row_inner][vc_column_inner width=&#8220;1\/3&#8243;][\/vc_column_inner][vc_column_inner width=&#8220;1\/3&#8243;][vc_separator color=&#8220;link_color&#8220; border_width=&#8220;4&#8243; el_width=&#8220;20&#8243; css=&#8220;.vc_custom_1472817381886{margin-bottom: 5px !important;}&#8220;][\/vc_column_inner][vc_column_inner width=&#8220;1\/3&#8243;][\/vc_column_inner][\/vc_row_inner][vc_row_inner css=&#8220;.vc_custom_1467381068708{padding-top: 0px !important;}&#8220;][vc_column_inner width=&#8220;5\/6&#8243; offset=&#8220;vc_col-lg-offset-1 vc_col-md-offset-1 vc_col-sm-offset-1&#8243;][vc_column_text] Wir als Vicom Festsaal bieten Ihnen f\u00fcr alle Ihre Festlichkeiten eine angemessene Atmosph\u00e4re in unseren R\u00e4umlichkeiten. Mit langj\u00e4hriger<a class=\"read-more\" href=\"https:\/\/vicomfestsaal.de\/?page_id=13\">Continue reading <i class=\"fa fa-angle-right fa-lg\"><\/i><\/a><\/p>\n","protected":false},"author":2,"featured_media":0,"parent":0,"menu_order":0,"comment_status":"closed","ping_status":"closed","template":"","meta":[],"_links":{"self":[{"href":"https:\/\/vicomfestsaal.de\/index.php?rest_route=\/wp\/v2\/pages\/13"}],"collection":[{"href":"https:\/\/vicomfestsaal.de\/index.php?rest_route=\/wp\/v2\/pages"}],"about":[{"href":"https:\/\/vicomfestsaal.de\/index.php?rest_route=\/wp\/v2\/types\/page"}],"author":[{"embeddable":true,"href":"https:\/\/vicomfestsaal.de\/index.php?rest_route=\/wp\/v2\/users\/2"}],"replies":[{"embeddable":true,"href":"https:\/\/vicomfestsaal.de\/index.php?rest_route=%2Fwp%2Fv2%2Fcomments&post=13"}],"version-history":[{"count":7,"href":"https:\/\/vicomfestsaal.de\/index.php?rest_route=\/wp\/v2\/pages\/13\/revisions"}],"predecessor-version":[{"id":429,"href":"https:\/\/vicomfestsaal.de\/index.php?rest_route=\/wp\/v2\/pages\/13\/revisions\/429"}],"wp:attachment":[{"href":"https:\/\/vicomfestsaal.de\/index.php?rest_route=%2Fwp%2Fv2%2Fmedia&parent=13"}],"curies":[{"name":"wp","href":"https:\/\/api.w.org\/{rel}","templated":true}]}}